{"id":6,"date":"2018-01-09T12:47:27","date_gmt":"2018-01-09T12:47:27","guid":{"rendered":"https:\/\/www.janhage.com\/over-ons\/"},"modified":"2018-11-14T21:08:21","modified_gmt":"2018-11-14T21:08:21","slug":"about-jan-hage","status":"publish","type":"page","link":"https:\/\/www.janhage.com\/en\/over-jan-hage\/","title":{"rendered":"Who is Jan Hage"},"content":{"rendered":"<figure id=\"attachment_101\" aria-describedby=\"caption-attachment-101\" style=\"width: 300px\" class=\"wp-caption alignright\"><img loading=\"lazy\" decoding=\"async\" class=\"wp-image-101\" src=\"https:\/\/www.janhage.com\/wp-content\/uploads\/sites\/152\/2018\/03\/DSCN3558-e1521148531799-400x374.jpg\" alt=\"Jan Hage\" width=\"300\" height=\"281\" srcset=\"https:\/\/www.janhage.com\/wp-content\/uploads\/sites\/152\/2018\/03\/DSCN3558-e1521148531799-400x374.jpg 400w, https:\/\/www.janhage.com\/wp-content\/uploads\/sites\/152\/2018\/03\/DSCN3558-e1521148531799-768x719.jpg 768w, https:\/\/www.janhage.com\/wp-content\/uploads\/sites\/152\/2018\/03\/DSCN3558-e1521148531799-800x749.jpg 800w, https:\/\/www.janhage.com\/wp-content\/uploads\/sites\/152\/2018\/03\/DSCN3558-e1521148531799.jpg 894w\" sizes=\"auto, (max-width: 300px) 100vw, 300px\" \/><figcaption id=\"caption-attachment-101\" class=\"wp-caption-text\">Jan Hage on the gallery of the Dom church in Utrecht<\/figcaption><\/figure>\n<p><strong>Jan Hage<\/strong> (born 1964) gives many concerts at home and abroad and makes radio TV and CD recordings. He is a warm advocate and much sought-after interpreter of contemporary organ music. As a soloist, he has performed with a.o. the <a href=\"http:\/\/www.slagwerkdenhaag.nl\/nl\">Percussion Group The Hague<\/a>, the <a class=\"\" href=\"https:\/\/www.askoschoenberg.nl\">Asko|Sch\u00f6nberg<\/a> and the <a href=\"http:\/\/rotterdamsphilharmonisch.nl\">Rotterdam Philharmonic Orchestra<\/a>. As a composer, he wrote works for organ and ensembles.<\/p>\n<p>In 2016, he received his PhD from the Protestant Theological University in Amsterdam. His dissertation is entitled 'Music as mission. A Lutheran sound in a Calvinist world. A study of Willem Mudde and the church musical renewal movement.'<\/p>\n<p>As organist, Jan Hage is associated with the <a href=\"http:\/\/www.domkerk.nl\">Cathedral<\/a> in Utrecht where he plays the majestic B\u00e4tz organ. He himself says of this:<\/p>\n<p>\"It is obviously a top spot, with a great organ that I love. I took my final exams there in 1991. For me, it is one of the top places in the Netherlands with international appeal, alongside, for example, the Bavo in Haarlem, the Grote Kerk in Dordrecht and the Sint-Jan in Gouda. Not everywhere is as churchly active anymore. In the Domkerk they are, with a service every Sunday and a vesper every Wednesday. It could hardly be better.\"<\/p>\n<h2>Prices<\/h2>\n<ul>\n<li>the\u00a0<em>Pr\u00e9mier Prix '\u00e0 l'unanimit\u00e9 du jury'<\/em> after studying with Andr\u00e9 Isoir<\/li>\n<li>First prize at National Organ Competition in Leiden (category 20<sup>ste<\/sup> century music)<\/li>\n<li>First prize the Swiss Organ Competition in Schaffhausen<\/li>\n<li>Premier Concours de l'interpr\u00e9tation de Musique Classique in Poitier (single edition)<\/li>\n<li>In 2006, he received the\u00a0<em>m\u00e9daille d'argent of Soci\u00e9t\u00e9 Acad\u00e9mique Arts-Sciences-Lettres<\/em>in Paris for his achievements in French organ culture<\/li>\n<\/ul>\n<h2>Reviews<\/h2>\n<p><strong>Volkskrant<\/strong> (****)<br \/>\n'Insofar as he wasn't already, with this recording proves\u00a0<strong>Jan Hage<\/strong>\u00a0that he is among the absolute best of organ-playing Holland.'<\/p>\n<p>&nbsp;<\/p>\n<p>10 in <strong>Listen<\/strong><br \/>\nAbout the CD with music by Jan Welmers, Listen wrote: 'This is without fail the most important organ release of the year 2017.'<\/p>\n<p>&nbsp;<\/p>","protected":false},"excerpt":{"rendered":"<p>Jan Hage (b. 1964) gives many concerts at home and abroad and makes radio TV and CD recordings. He is a warm advocate and much sought-after interpreter of contemporary organ music. As a soloist, he has performed with the Hague Percussion Group, the Asko|Sch\u00f6nberg and the Rotterdam Philharmonic Orchestra, among others. As a composer, he wrote works for organ and ensembles. In 2016, he received his doctorate from... <a class=\"read-more\" href=\"https:\/\/www.janhage.com\/en\/over-jan-hage\/\"><\/a><\/p>","protected":false},"author":3,"featured_media":0,"parent":0,"menu_order":5,"comment_status":"closed","ping_status":"closed","template":"","meta":{"_acf_changed":false,"footnotes":""},"class_list":["post-6","page","type-page","status-publish","hentry"],"acf":[],"yoast_head":"<!-- This site is optimized with the Yoast SEO plugin v27.3 - https:\/\/yoast.com\/product\/yoast-seo-wordpress\/ -->\n<title>Wie is Jan Hage - Janhage.com<\/title>\n<meta name=\"robots\" content=\"index, follow, max-snippet:-1, max-image-preview:large, max-video-preview:-1\" \/>\n<link rel=\"canonical\" href=\"https:\/\/www.janhage.com\/en\/about-jan-hage\/\" \/>\n<meta property=\"og:locale\" content=\"en_GB\" \/>\n<meta property=\"og:type\" content=\"article\" \/>\n<meta property=\"og:title\" content=\"Wie is Jan Hage - Janhage.com\" \/>\n<meta property=\"og:description\" content=\"Jan Hage (1964)\u00a0geeft vele concerten in binnen-\u00a0en buitenland en maakt radio- tv- en cd-opnames. Hij is een warm pleitbezorger en veelgevraagd interpreet van\u00a0hedendaagse orgelmuziek. Als solist trad hij op met o.a. de Slagwerkgroep Den Haag, het Asko|Sch\u00f6nberg en het Rotterdams Philharmonisch Orkest.\u00a0Als componist schreef hij werken voor orgel en ensembles. In 2016 promoveerde hij aan...\" \/>\n<meta property=\"og:url\" content=\"https:\/\/www.janhage.com\/en\/about-jan-hage\/\" \/>\n<meta property=\"og:site_name\" content=\"Janhage.com\" \/>\n<meta property=\"article:modified_time\" content=\"2018-11-14T21:08:21+00:00\" \/>\n<meta property=\"og:image\" content=\"https:\/\/www.janhage.com\/wp-content\/uploads\/sites\/152\/2018\/03\/DSCN3558-e1521148531799-400x374.jpg\" \/>\n<meta name=\"twitter:card\" content=\"summary_large_image\" \/>\n<meta name=\"twitter:label1\" content=\"Estimated reading time\" \/>\n\t<meta name=\"twitter:data1\" content=\"2 minutes\" \/>\n<script type=\"application\/ld+json\" class=\"yoast-schema-graph\">{\"@context\":\"https:\\\/\\\/schema.org\",\"@graph\":[{\"@type\":\"WebPage\",\"@id\":\"https:\\\/\\\/www.janhage.com\\\/over-jan-hage\\\/\",\"url\":\"https:\\\/\\\/www.janhage.com\\\/over-jan-hage\\\/\",\"name\":\"Wie is Jan Hage - Janhage.com\",\"isPartOf\":{\"@id\":\"https:\\\/\\\/www.janhage.com\\\/#website\"},\"primaryImageOfPage\":{\"@id\":\"https:\\\/\\\/www.janhage.com\\\/over-jan-hage\\\/#primaryimage\"},\"image\":{\"@id\":\"https:\\\/\\\/www.janhage.com\\\/over-jan-hage\\\/#primaryimage\"},\"thumbnailUrl\":\"https:\\\/\\\/www.janhage.com\\\/wp-content\\\/uploads\\\/sites\\\/152\\\/2018\\\/03\\\/DSCN3558-e1521148531799-400x374.jpg\",\"datePublished\":\"2018-01-09T12:47:27+00:00\",\"dateModified\":\"2018-11-14T21:08:21+00:00\",\"breadcrumb\":{\"@id\":\"https:\\\/\\\/www.janhage.com\\\/over-jan-hage\\\/#breadcrumb\"},\"inLanguage\":\"en-GB\",\"potentialAction\":[{\"@type\":\"ReadAction\",\"target\":[\"https:\\\/\\\/www.janhage.com\\\/over-jan-hage\\\/\"]}]},{\"@type\":\"ImageObject\",\"inLanguage\":\"en-GB\",\"@id\":\"https:\\\/\\\/www.janhage.com\\\/over-jan-hage\\\/#primaryimage\",\"url\":\"https:\\\/\\\/www.janhage.com\\\/wp-content\\\/uploads\\\/sites\\\/152\\\/2018\\\/03\\\/DSCN3558-e1521148531799-400x374.jpg\",\"contentUrl\":\"https:\\\/\\\/www.janhage.com\\\/wp-content\\\/uploads\\\/sites\\\/152\\\/2018\\\/03\\\/DSCN3558-e1521148531799-400x374.jpg\"},{\"@type\":\"BreadcrumbList\",\"@id\":\"https:\\\/\\\/www.janhage.com\\\/over-jan-hage\\\/#breadcrumb\",\"itemListElement\":[{\"@type\":\"ListItem\",\"position\":1,\"name\":\"Home\",\"item\":\"https:\\\/\\\/www.janhage.com\\\/\"},{\"@type\":\"ListItem\",\"position\":2,\"name\":\"Wie is Jan Hage\"}]},{\"@type\":\"WebSite\",\"@id\":\"https:\\\/\\\/www.janhage.com\\\/#website\",\"url\":\"https:\\\/\\\/www.janhage.com\\\/\",\"name\":\"Janhage.com\",\"description\":\"\",\"potentialAction\":[{\"@type\":\"SearchAction\",\"target\":{\"@type\":\"EntryPoint\",\"urlTemplate\":\"https:\\\/\\\/www.janhage.com\\\/?s={search_term_string}\"},\"query-input\":{\"@type\":\"PropertyValueSpecification\",\"valueRequired\":true,\"valueName\":\"search_term_string\"}}],\"inLanguage\":\"en-GB\"}]}<\/script>\n<!-- \/ Yoast SEO plugin. -->","yoast_head_json":{"title":"Who is Jan Hage - Janhage.com","robots":{"index":"index","follow":"follow","max-snippet":"max-snippet:-1","max-image-preview":"max-image-preview:large","max-video-preview":"max-video-preview:-1"},"canonical":"https:\/\/www.janhage.com\/en\/about-jan-hage\/","og_locale":"en_GB","og_type":"article","og_title":"Wie is Jan Hage - Janhage.com","og_description":"Jan Hage (1964)\u00a0geeft vele concerten in binnen-\u00a0en buitenland en maakt radio- tv- en cd-opnames. Hij is een warm pleitbezorger en veelgevraagd interpreet van\u00a0hedendaagse orgelmuziek. Als solist trad hij op met o.a. de Slagwerkgroep Den Haag, het Asko|Sch\u00f6nberg en het Rotterdams Philharmonisch Orkest.\u00a0Als componist schreef hij werken voor orgel en ensembles. In 2016 promoveerde hij aan...","og_url":"https:\/\/www.janhage.com\/en\/about-jan-hage\/","og_site_name":"Janhage.com","article_modified_time":"2018-11-14T21:08:21+00:00","og_image":[{"url":"https:\/\/www.janhage.com\/wp-content\/uploads\/sites\/152\/2018\/03\/DSCN3558-e1521148531799-400x374.jpg","type":"","width":"","height":""}],"twitter_card":"summary_large_image","twitter_misc":{"Estimated reading time":"2 minutes"},"schema":{"@context":"https:\/\/schema.org","@graph":[{"@type":"WebPage","@id":"https:\/\/www.janhage.com\/over-jan-hage\/","url":"https:\/\/www.janhage.com\/over-jan-hage\/","name":"Who is Jan Hage - Janhage.com","isPartOf":{"@id":"https:\/\/www.janhage.com\/#website"},"primaryImageOfPage":{"@id":"https:\/\/www.janhage.com\/over-jan-hage\/#primaryimage"},"image":{"@id":"https:\/\/www.janhage.com\/over-jan-hage\/#primaryimage"},"thumbnailUrl":"https:\/\/www.janhage.com\/wp-content\/uploads\/sites\/152\/2018\/03\/DSCN3558-e1521148531799-400x374.jpg","datePublished":"2018-01-09T12:47:27+00:00","dateModified":"2018-11-14T21:08:21+00:00","breadcrumb":{"@id":"https:\/\/www.janhage.com\/over-jan-hage\/#breadcrumb"},"inLanguage":"en-GB","potentialAction":[{"@type":"ReadAction","target":["https:\/\/www.janhage.com\/over-jan-hage\/"]}]},{"@type":"ImageObject","inLanguage":"en-GB","@id":"https:\/\/www.janhage.com\/over-jan-hage\/#primaryimage","url":"https:\/\/www.janhage.com\/wp-content\/uploads\/sites\/152\/2018\/03\/DSCN3558-e1521148531799-400x374.jpg","contentUrl":"https:\/\/www.janhage.com\/wp-content\/uploads\/sites\/152\/2018\/03\/DSCN3558-e1521148531799-400x374.jpg"},{"@type":"BreadcrumbList","@id":"https:\/\/www.janhage.com\/over-jan-hage\/#breadcrumb","itemListElement":[{"@type":"ListItem","position":1,"name":"Home","item":"https:\/\/www.janhage.com\/"},{"@type":"ListItem","position":2,"name":"Wie is Jan Hage"}]},{"@type":"WebSite","@id":"https:\/\/www.janhage.com\/#website","url":"https:\/\/www.janhage.com\/","name":"Janhage.com","description":"","potentialAction":[{"@type":"SearchAction","target":{"@type":"EntryPoint","urlTemplate":"https:\/\/www.janhage.com\/?s={search_term_string}"},"query-input":{"@type":"PropertyValueSpecification","valueRequired":true,"valueName":"search_term_string"}}],"inLanguage":"en-GB"}]}},"_links":{"self":[{"href":"https:\/\/www.janhage.com\/en\/wp-json\/wp\/v2\/pages\/6","targetHints":{"allow":["GET"]}}],"collection":[{"href":"https:\/\/www.janhage.com\/en\/wp-json\/wp\/v2\/pages"}],"about":[{"href":"https:\/\/www.janhage.com\/en\/wp-json\/wp\/v2\/types\/page"}],"author":[{"embeddable":true,"href":"https:\/\/www.janhage.com\/en\/wp-json\/wp\/v2\/users\/3"}],"replies":[{"embeddable":true,"href":"https:\/\/www.janhage.com\/en\/wp-json\/wp\/v2\/comments?post=6"}],"version-history":[{"count":18,"href":"https:\/\/www.janhage.com\/en\/wp-json\/wp\/v2\/pages\/6\/revisions"}],"predecessor-version":[{"id":341,"href":"https:\/\/www.janhage.com\/en\/wp-json\/wp\/v2\/pages\/6\/revisions\/341"}],"wp:attachment":[{"href":"https:\/\/www.janhage.com\/en\/wp-json\/wp\/v2\/media?parent=6"}],"curies":[{"name":"wp","href":"https:\/\/api.w.org\/{rel}","templated":true}]}}